{"id":74,"date":"2016-03-11T12:33:36","date_gmt":"2016-03-11T11:33:36","guid":{"rendered":"http:\/\/www.aufkleber-druck-profi.de\/?page_id=74"},"modified":"2018-02-02T09:07:14","modified_gmt":"2018-02-02T08:07:14","slug":"papier","status":"publish","type":"page","link":"http:\/\/mappen-profi.de\/?page_id=74","title":{"rendered":"Papier"},"content":{"rendered":"<p>Papiermappen sind nicht so robust wie Plastik- oder Kartonmappen und k\u00f6nnen daher ihren Inhalt nicht so gut sch\u00fctzen.<\/p>\n<p>Aufgrund des Materials sind sie auch g\u00fcnstiger als die anderen Mappen.<\/p>\n<p>Man muss aufpassen, denn Papiermappen knicken recht schnell und somit knickt auch den Inhalt.<\/p>\n<p>Papiermappen werden sehr h\u00e4ufig in Schulen benutzt, wo die Sch\u00fcler eine Mappe f\u00fcr jedes Fach haben.<\/p>\n<p>Aufgrund des Preises sind diese Mappen gut geeignet, wenn man viele Mappen braucht und nicht seri\u00f6s wirken muss.<\/p>\n<p>Neben der Schule sind diese Mappen durchaus f\u00fcr den Privatgebrauch geeignet, da sie sich dazu eignen, Unterlagen zu lagern.<\/p>\n","protected":false},"excerpt":{"rendered":"<p>Papiermappen sind nicht so robust wie Plastik- oder Kartonmappen und k\u00f6nnen daher ihren Inhalt nicht so gut sch\u00fctzen. Aufgrund des<\/p>\n","protected":false},"author":1,"featured_media":0,"parent":0,"menu_order":0,"comment_status":"closed","ping_status":"closed","template":"","meta":[],"_links":{"self":[{"href":"http:\/\/mappen-profi.de\/index.php?rest_route=\/wp\/v2\/pages\/74"}],"collection":[{"href":"http:\/\/mappen-profi.de\/index.php?rest_route=\/wp\/v2\/pages"}],"about":[{"href":"http:\/\/mappen-profi.de\/index.php?rest_route=\/wp\/v2\/types\/page"}],"author":[{"embeddable":true,"href":"http:\/\/mappen-profi.de\/index.php?rest_route=\/wp\/v2\/users\/1"}],"replies":[{"embeddable":true,"href":"http:\/\/mappen-profi.de\/index.php?rest_route=%2Fwp%2Fv2%2Fcomments&post=74"}],"version-history":[{"count":4,"href":"http:\/\/mappen-profi.de\/index.php?rest_route=\/wp\/v2\/pages\/74\/revisions"}],"predecessor-version":[{"id":317,"href":"http:\/\/mappen-profi.de\/index.php?rest_route=\/wp\/v2\/pages\/74\/revisions\/317"}],"wp:attachment":[{"href":"http:\/\/mappen-profi.de\/index.php?rest_route=%2Fwp%2Fv2%2Fmedia&parent=74"}],"curies":[{"name":"wp","href":"https:\/\/api.w.org\/{rel}","templated":true}]}}