{"id":177,"date":"2016-03-16T16:19:17","date_gmt":"2016-03-16T15:19:17","guid":{"rendered":"http:\/\/www.aufkleber-druck-profi.de\/?page_id=177"},"modified":"2018-02-02T14:17:13","modified_gmt":"2018-02-02T13:17:13","slug":"pragungen","status":"publish","type":"page","link":"http:\/\/mappen-profi.de\/?page_id=177","title":{"rendered":"Pr\u00e4gungen"},"content":{"rendered":"<p>Pr\u00e4gungen sind Buchstaben, Bilder, Logos oder Muster die sich vom restlichen Material erheben.<\/p>\n<p>Man kann die Pr\u00e4gung erkennen und mit dem Finger dr\u00fcber streichen.<\/p>\n<p>Pr\u00e4gungen lassen sich am besten als Wassermarken einsetzen oder um Ihre Seri\u00f6sit\u00e4t zu unterstreichen.<\/p>\n<p>Wichtig ist, dass Sie vorher bei Ihrem Mappenhersteller angeben, dass Sie eine Pr\u00e4gung haben wollen, da er den Produktionsablauf dementsprechent einstellen muss.<\/p>\n<p>Genaue Angeben zu Pr\u00e4gungen bekommen Sie bei Ihrem Mappenhersteller.<\/p>\n","protected":false},"excerpt":{"rendered":"<p>Pr\u00e4gungen sind Buchstaben, Bilder, Logos oder Muster die sich vom restlichen Material erheben. Man kann die Pr\u00e4gung erkennen und mit<\/p>\n","protected":false},"author":1,"featured_media":0,"parent":0,"menu_order":0,"comment_status":"closed","ping_status":"closed","template":"","meta":[],"_links":{"self":[{"href":"http:\/\/mappen-profi.de\/index.php?rest_route=\/wp\/v2\/pages\/177"}],"collection":[{"href":"http:\/\/mappen-profi.de\/index.php?rest_route=\/wp\/v2\/pages"}],"about":[{"href":"http:\/\/mappen-profi.de\/index.php?rest_route=\/wp\/v2\/types\/page"}],"author":[{"embeddable":true,"href":"http:\/\/mappen-profi.de\/index.php?rest_route=\/wp\/v2\/users\/1"}],"replies":[{"embeddable":true,"href":"http:\/\/mappen-profi.de\/index.php?rest_route=%2Fwp%2Fv2%2Fcomments&post=177"}],"version-history":[{"count":4,"href":"http:\/\/mappen-profi.de\/index.php?rest_route=\/wp\/v2\/pages\/177\/revisions"}],"predecessor-version":[{"id":323,"href":"http:\/\/mappen-profi.de\/index.php?rest_route=\/wp\/v2\/pages\/177\/revisions\/323"}],"wp:attachment":[{"href":"http:\/\/mappen-profi.de\/index.php?rest_route=%2Fwp%2Fv2%2Fmedia&parent=177"}],"curies":[{"name":"wp","href":"https:\/\/api.w.org\/{rel}","templated":true}]}}