{"id":167,"date":"2016-03-16T16:18:04","date_gmt":"2016-03-16T15:18:04","guid":{"rendered":"http:\/\/www.aufkleber-druck-profi.de\/?page_id=167"},"modified":"2018-01-31T10:47:47","modified_gmt":"2018-01-31T09:47:47","slug":"abheftmappen","status":"publish","type":"page","link":"http:\/\/mappen-profi.de\/?page_id=167","title":{"rendered":"Abheftmappen"},"content":{"rendered":"<p>Abheftmappen finden Sie quasi \u00fcberall, wo es Schreibwaren gibt.<\/p>\n<p>Es gibt Sie in verschiedenen Gr\u00f6\u00dfen, Farben, Formen und Materialien.<\/p>\n<p>Diese Mappen werden meist benutzt, wenn es nicht genug Bl\u00e4tter sind, um einen Ordner zu rechtfertigen und au\u00dferdem kann man eine Mappe viel besser Lagern und transportieren.<\/p>\n<p>Abheftmappen werden vor allem in der Schule benutzt, wo es f\u00fcr jedes Fach eine Mappe in einer anderen Farbe gibt.<\/p>\n<p>Manchmal besitzen die Mappen noch einige Extras. Es gibt sie mit Taschen, Sichtfenster, durchsichtiger Vorderseite uvm.<\/p>\n<p>In die Taschen kann man ein oder zwei lose Bl\u00e4tter reinstecken, ohne dass man sie einheften muss.<\/p>\n<p>&nbsp;<\/p>\n","protected":false},"excerpt":{"rendered":"<p>Abheftmappen finden Sie quasi \u00fcberall, wo es Schreibwaren gibt. Es gibt Sie in verschiedenen Gr\u00f6\u00dfen, Farben, Formen und Materialien. Diese<\/p>\n","protected":false},"author":1,"featured_media":0,"parent":0,"menu_order":0,"comment_status":"closed","ping_status":"closed","template":"","meta":[],"_links":{"self":[{"href":"http:\/\/mappen-profi.de\/index.php?rest_route=\/wp\/v2\/pages\/167"}],"collection":[{"href":"http:\/\/mappen-profi.de\/index.php?rest_route=\/wp\/v2\/pages"}],"about":[{"href":"http:\/\/mappen-profi.de\/index.php?rest_route=\/wp\/v2\/types\/page"}],"author":[{"embeddable":true,"href":"http:\/\/mappen-profi.de\/index.php?rest_route=\/wp\/v2\/users\/1"}],"replies":[{"embeddable":true,"href":"http:\/\/mappen-profi.de\/index.php?rest_route=%2Fwp%2Fv2%2Fcomments&post=167"}],"version-history":[{"count":5,"href":"http:\/\/mappen-profi.de\/index.php?rest_route=\/wp\/v2\/pages\/167\/revisions"}],"predecessor-version":[{"id":302,"href":"http:\/\/mappen-profi.de\/index.php?rest_route=\/wp\/v2\/pages\/167\/revisions\/302"}],"wp:attachment":[{"href":"http:\/\/mappen-profi.de\/index.php?rest_route=%2Fwp%2Fv2%2Fmedia&parent=167"}],"curies":[{"name":"wp","href":"https:\/\/api.w.org\/{rel}","templated":true}]}}